{"id":527,"date":"2024-11-14T11:17:43","date_gmt":"2024-11-14T08:17:43","guid":{"rendered":"http:\/\/deneme.ykbtesisat.com\/?page_id=527"},"modified":"2025-01-24T08:05:30","modified_gmt":"2025-01-24T05:05:30","slug":"grup-sirketlerimiz","status":"publish","type":"page","link":"https:\/\/www.raygo.com.tr\/en\/grup-sirketlerimiz\/","title":{"rendered":"Grup \u015eirketlerimiz"},"content":{"rendered":"\t\t<div data-elementor-type=\"wp-page\" data-elementor-id=\"527\" class=\"elementor elementor-527\" data-elementor-post-type=\"page\">\n\t\t\t\t<div class=\"elementor-element elementor-element-7933c1c1 e-con-full e-flex e-con e-parent\" data-id=\"7933c1c1\" data-element_type=\"container\">\n\t\t\t\t<div class=\"elementor-element elementor-element-5359f855 fade-in-down elementor-widget-divider--view-line elementor-widget elementor-widget-divider\" data-id=\"5359f855\" data-element_type=\"widget\" data-widget_type=\"divider.default\">\n\t\t\t\t<div class=\"elementor-widget-container\">\n\t\t\t\t\t<div class=\"elementor-divider\">\n\t\t\t<span class=\"elementor-divider-separator\">\n\t\t\t\t\t\t<\/span>\n\t\t<\/div>\n\t\t\t\t<\/div>\n\t\t\t\t<\/div>\n\t\t<div class=\"elementor-element elementor-element-4ddd7963 e-con-full e-flex e-con e-child\" data-id=\"4ddd7963\" data-element_type=\"container\" id=\"header-content\">\n\t\t<div class=\"elementor-element elementor-element-2bccbf9b e-con-full e-flex e-con e-child\" data-id=\"2bccbf9b\" data-element_type=\"container\">\n\t\t\t\t<div class=\"elementor-element elementor-element-77a54c3e fade-in-down delay-100 elementor-widget elementor-widget-heading\" data-id=\"77a54c3e\" data-element_type=\"widget\" data-widget_type=\"heading.default\">\n\t\t\t\t<div class=\"elementor-widget-container\">\n\t\t\t<h2 class=\"elementor-heading-title elementor-size-default\">RAYGO Our Group Companies\n\n<\/h2>\t\t<\/div>\n\t\t\t\t<\/div>\n\t\t\t\t<div class=\"elementor-element elementor-element-5ab7f57 fade-in-down delay-200 elementor-widget elementor-widget-text-editor\" data-id=\"5ab7f57\" data-element_type=\"widget\" data-widget_type=\"text-editor.default\">\n\t\t\t\t<div class=\"elementor-widget-container\">\n\t\t\t\t\t\t\t<p>RAYGO, growing every day, takes pride in being one of the leading catering companies that stands out in railway transportation with its unique shipment, service operations, and production processes. The RAYGO brand brings together YDC GROUP A.\u015e., TA\u015eKENT A.\u015e., BEGO A.\u015e., and M\u0130LA EXPRESS A.\u015e. under one roof.<\/p><p>\u00a0<\/p>\t\t\t\t\t\t<\/div>\n\t\t\t\t<\/div>\n\t\t\t\t<\/div>\n\t\t\t\t<div class=\"elementor-element elementor-element-6a6cb24d fade-in-down delay-300 elementor-view-default elementor-widget elementor-widget-icon\" data-id=\"6a6cb24d\" data-element_type=\"widget\" id=\"raygo-anchor\" data-widget_type=\"icon.default\">\n\t\t\t\t<div class=\"elementor-widget-container\">\n\t\t\t\t\t<div class=\"elementor-icon-wrapper\">\n\t\t\t<div class=\"elementor-icon\">\n\t\t\t<svg aria-hidden=\"true\" class=\"e-font-icon-svg e-fas-arrow-down\" viewBox=\"0 0 448 512\" xmlns=\"http:\/\/www.w3.org\/2000\/svg\"><path d=\"M413.1 222.5l22.2 22.2c9.4 9.4 9.4 24.6 0 33.9L241 473c-9.4 9.4-24.6 9.4-33.9 0L12.7 278.6c-9.4-9.4-9.4-24.6 0-33.9l22.2-22.2c9.5-9.5 25-9.3 34.3.4L184 343.4V56c0-13.3 10.7-24 24-24h32c13.3 0 24 10.7 24 24v287.4l114.8-120.5c9.3-9.8 24.8-10 34.3-.4z\"><\/path><\/svg>\t\t\t<\/div>\n\t\t<\/div>\n\t\t\t\t<\/div>\n\t\t\t\t<\/div>\n\t\t\t\t<\/div>\n\t\t\t\t<\/div>\n\t\t<div class=\"elementor-element elementor-element-62083d3b e-con-full raygo-anchor e-flex e-con e-parent\" data-id=\"62083d3b\" data-element_type=\"container\">\n\t\t<div class=\"elementor-element elementor-element-75734de e-con-full fade-in-down e-flex e-con e-child\" data-id=\"75734de\" data-element_type=\"container\" data-settings=\"{&quot;background_background&quot;:&quot;classic&quot;}\">\n\t\t\t\t<div class=\"elementor-element elementor-element-b5378e8 elementor-widget__width-initial elementor-widget elementor-widget-image\" data-id=\"b5378e8\" data-element_type=\"widget\" data-widget_type=\"image.default\">\n\t\t\t\t<div class=\"elementor-widget-container\">\n\t\t\t\t\t\t\t\t\t\t\t\t\t<img fetchpriority=\"high\" decoding=\"async\" width=\"243\" height=\"243\" src=\"https:\/\/www.raygo.com.tr\/en\/wp-content\/uploads\/sites\/2\/2024\/11\/YDC-Group.png\" class=\"attachment-large size-large wp-image-1954\" alt=\"\" srcset=\"https:\/\/www.raygo.com.tr\/en\/wp-content\/uploads\/sites\/2\/2024\/11\/YDC-Group.png 243w, https:\/\/www.raygo.com.tr\/en\/wp-content\/uploads\/sites\/2\/2024\/11\/YDC-Group-150x150.png 150w\" sizes=\"(max-width: 243px) 100vw, 243px\" \/>\t\t\t\t\t\t\t\t\t\t\t\t\t<\/div>\n\t\t\t\t<\/div>\n\t\t<div class=\"elementor-element elementor-element-ba226bb e-con-full e-flex e-con e-child\" data-id=\"ba226bb\" data-element_type=\"container\">\n\t\t\t\t<div class=\"elementor-element elementor-element-45d524a elementor-widget elementor-widget-heading\" data-id=\"45d524a\" data-element_type=\"widget\" data-widget_type=\"heading.default\">\n\t\t\t\t<div class=\"elementor-widget-container\">\n\t\t\t<h2 class=\"elementor-heading-title elementor-size-default\">YDC GROUP<\/h2>\t\t<\/div>\n\t\t\t\t<\/div>\n\t\t\t\t<div class=\"elementor-element elementor-element-f8b985f elementor-widget elementor-widget-heading\" data-id=\"f8b985f\" data-element_type=\"widget\" data-widget_type=\"heading.default\">\n\t\t\t\t<div class=\"elementor-widget-container\">\n\t\t\t<h3 class=\"elementor-heading-title elementor-size-default\">SERVICE &amp; OPERATION\n\n<\/h3>\t\t<\/div>\n\t\t\t\t<\/div>\n\t\t\t\t<\/div>\n\t\t\t\t<\/div>\n\t\t<div class=\"elementor-element elementor-element-1b20a29 e-con-full fade-in-down e-flex e-con e-child\" data-id=\"1b20a29\" data-element_type=\"container\" data-settings=\"{&quot;background_background&quot;:&quot;classic&quot;}\">\n\t\t\t\t<div class=\"elementor-element elementor-element-8c3b41e elementor-widget__width-initial elementor-widget elementor-widget-image\" data-id=\"8c3b41e\" data-element_type=\"widget\" data-widget_type=\"image.default\">\n\t\t\t\t<div class=\"elementor-widget-container\">\n\t\t\t\t\t\t\t\t\t\t\t\t\t<img decoding=\"async\" width=\"524\" height=\"135\" src=\"https:\/\/www.raygo.com.tr\/en\/wp-content\/uploads\/sites\/2\/2024\/11\/taskentlogo.png\" class=\"attachment-large size-large wp-image-1955\" alt=\"\" srcset=\"https:\/\/www.raygo.com.tr\/en\/wp-content\/uploads\/sites\/2\/2024\/11\/taskentlogo.png 524w, https:\/\/www.raygo.com.tr\/en\/wp-content\/uploads\/sites\/2\/2024\/11\/taskentlogo-300x77.png 300w\" sizes=\"(max-width: 524px) 100vw, 524px\" \/>\t\t\t\t\t\t\t\t\t\t\t\t\t<\/div>\n\t\t\t\t<\/div>\n\t\t<div class=\"elementor-element elementor-element-754ae3c e-con-full e-flex e-con e-child\" data-id=\"754ae3c\" data-element_type=\"container\">\n\t\t\t\t<div class=\"elementor-element elementor-element-5dcb554 elementor-widget elementor-widget-heading\" data-id=\"5dcb554\" data-element_type=\"widget\" data-widget_type=\"heading.default\">\n\t\t\t\t<div class=\"elementor-widget-container\">\n\t\t\t<h2 class=\"elementor-heading-title elementor-size-default\">TA\u015eKENT A.\u015e.<\/h2>\t\t<\/div>\n\t\t\t\t<\/div>\n\t\t\t\t<div class=\"elementor-element elementor-element-353ffe3 elementor-widget elementor-widget-heading\" data-id=\"353ffe3\" data-element_type=\"widget\" data-widget_type=\"heading.default\">\n\t\t\t\t<div class=\"elementor-widget-container\">\n\t\t\t<h3 class=\"elementor-heading-title elementor-size-default\">FOOD PRODUCTION &amp; RETAIL\n\n<\/h3>\t\t<\/div>\n\t\t\t\t<\/div>\n\t\t\t\t<\/div>\n\t\t\t\t<\/div>\n\t\t<div class=\"elementor-element elementor-element-770dd95 e-con-full fade-in-down e-flex e-con e-child\" data-id=\"770dd95\" data-element_type=\"container\" data-settings=\"{&quot;background_background&quot;:&quot;classic&quot;}\">\n\t\t\t\t<div class=\"elementor-element elementor-element-a9f3c08 elementor-widget__width-initial elementor-widget elementor-widget-image\" data-id=\"a9f3c08\" data-element_type=\"widget\" data-widget_type=\"image.default\">\n\t\t\t\t<div class=\"elementor-widget-container\">\n\t\t\t\t\t\t\t\t\t\t\t\t\t<img decoding=\"async\" width=\"440\" height=\"250\" src=\"https:\/\/www.raygo.com.tr\/en\/wp-content\/uploads\/sites\/2\/2024\/11\/bego-.png\" class=\"attachment-large size-large wp-image-1956\" alt=\"\" srcset=\"https:\/\/www.raygo.com.tr\/en\/wp-content\/uploads\/sites\/2\/2024\/11\/bego-.png 440w, https:\/\/www.raygo.com.tr\/en\/wp-content\/uploads\/sites\/2\/2024\/11\/bego--300x170.png 300w\" sizes=\"(max-width: 440px) 100vw, 440px\" \/>\t\t\t\t\t\t\t\t\t\t\t\t\t<\/div>\n\t\t\t\t<\/div>\n\t\t<div class=\"elementor-element elementor-element-d4cbe01 e-con-full e-flex e-con e-child\" data-id=\"d4cbe01\" data-element_type=\"container\">\n\t\t\t\t<div class=\"elementor-element elementor-element-86134ff elementor-widget elementor-widget-heading\" data-id=\"86134ff\" data-element_type=\"widget\" data-widget_type=\"heading.default\">\n\t\t\t\t<div class=\"elementor-widget-container\">\n\t\t\t<h2 class=\"elementor-heading-title elementor-size-default\">BEGO A.\u015e.<\/h2>\t\t<\/div>\n\t\t\t\t<\/div>\n\t\t\t\t<div class=\"elementor-element elementor-element-afb7c3f elementor-widget elementor-widget-heading\" data-id=\"afb7c3f\" data-element_type=\"widget\" data-widget_type=\"heading.default\">\n\t\t\t\t<div class=\"elementor-widget-container\">\n\t\t\t<h3 class=\"elementor-heading-title elementor-size-default\">IT &amp; MARKETING\n\n<\/h3>\t\t<\/div>\n\t\t\t\t<\/div>\n\t\t\t\t<\/div>\n\t\t\t\t<\/div>\n\t\t<div class=\"elementor-element elementor-element-3b664e5 e-con-full fade-in-down e-flex e-con e-child\" data-id=\"3b664e5\" data-element_type=\"container\" data-settings=\"{&quot;background_background&quot;:&quot;classic&quot;}\">\n\t\t\t\t<div class=\"elementor-element elementor-element-0f53990 elementor-widget__width-initial elementor-widget elementor-widget-image\" data-id=\"0f53990\" data-element_type=\"widget\" data-widget_type=\"image.default\">\n\t\t\t\t<div class=\"elementor-widget-container\">\n\t\t\t\t\t\t\t\t\t\t\t\t\t<img loading=\"lazy\" decoding=\"async\" width=\"800\" height=\"444\" src=\"https:\/\/www.raygo.com.tr\/en\/wp-content\/uploads\/sites\/2\/2025\/01\/logo-2-1024x568.png\" class=\"attachment-large size-large wp-image-2515\" alt=\"\" srcset=\"https:\/\/www.raygo.com.tr\/en\/wp-content\/uploads\/sites\/2\/2025\/01\/logo-2-1024x568.png 1024w, https:\/\/www.raygo.com.tr\/en\/wp-content\/uploads\/sites\/2\/2025\/01\/logo-2-300x166.png 300w, https:\/\/www.raygo.com.tr\/en\/wp-content\/uploads\/sites\/2\/2025\/01\/logo-2-768x426.png 768w, https:\/\/www.raygo.com.tr\/en\/wp-content\/uploads\/sites\/2\/2025\/01\/logo-2.png 1082w\" sizes=\"(max-width: 800px) 100vw, 800px\" \/>\t\t\t\t\t\t\t\t\t\t\t\t\t<\/div>\n\t\t\t\t<\/div>\n\t\t<div class=\"elementor-element elementor-element-0556726 e-con-full e-flex e-con e-child\" data-id=\"0556726\" data-element_type=\"container\">\n\t\t\t\t<div class=\"elementor-element elementor-element-3aebec6 elementor-widget elementor-widget-heading\" data-id=\"3aebec6\" data-element_type=\"widget\" data-widget_type=\"heading.default\">\n\t\t\t\t<div class=\"elementor-widget-container\">\n\t\t\t<h2 class=\"elementor-heading-title elementor-size-default\">M\u0130LA EXPRESS<\/h2>\t\t<\/div>\n\t\t\t\t<\/div>\n\t\t\t\t<div class=\"elementor-element elementor-element-ed34b5a elementor-widget elementor-widget-heading\" data-id=\"ed34b5a\" data-element_type=\"widget\" data-widget_type=\"heading.default\">\n\t\t\t\t<div class=\"elementor-widget-container\">\n\t\t\t<h3 class=\"elementor-heading-title elementor-size-default\">SPECIAL RAILWAY TRANSPORTATION\n\n<\/h3>\t\t<\/div>\n\t\t\t\t<\/div>\n\t\t\t\t<\/div>\n\t\t\t\t<\/div>\n\t\t\t\t<\/div>\n\t\t\t\t<\/div>\n\t\t","protected":false},"excerpt":{"rendered":"<p>RAYGO Our Group Companies RAYGO, growing every day, takes pride in being one of the leading catering companies that stands out in railway transportation with its unique shipment, service operations, and production processes. The RAYGO brand brings together YDC GROUP A.\u015e., TA\u015eKENT A.\u015e., BEGO A.\u015e., and M\u0130LA EXPRESS A.\u015e. under one roof. \u00a0 YDC GROUP [&hellip;]<\/p>\n","protected":false},"author":1,"featured_media":0,"parent":0,"menu_order":0,"comment_status":"closed","ping_status":"closed","template":"","meta":{"footnotes":""},"class_list":["post-527","page","type-page","status-publish","hentry"],"_links":{"self":[{"href":"https:\/\/www.raygo.com.tr\/en\/wp-json\/wp\/v2\/pages\/527","targetHints":{"allow":["GET"]}}],"collection":[{"href":"https:\/\/www.raygo.com.tr\/en\/wp-json\/wp\/v2\/pages"}],"about":[{"href":"https:\/\/www.raygo.com.tr\/en\/wp-json\/wp\/v2\/types\/page"}],"author":[{"embeddable":true,"href":"https:\/\/www.raygo.com.tr\/en\/wp-json\/wp\/v2\/users\/1"}],"replies":[{"embeddable":true,"href":"https:\/\/www.raygo.com.tr\/en\/wp-json\/wp\/v2\/comments?post=527"}],"version-history":[{"count":46,"href":"https:\/\/www.raygo.com.tr\/en\/wp-json\/wp\/v2\/pages\/527\/revisions"}],"predecessor-version":[{"id":2584,"href":"https:\/\/www.raygo.com.tr\/en\/wp-json\/wp\/v2\/pages\/527\/revisions\/2584"}],"wp:attachment":[{"href":"https:\/\/www.raygo.com.tr\/en\/wp-json\/wp\/v2\/media?parent=527"}],"curies":[{"name":"wp","href":"https:\/\/api.w.org\/{rel}","templated":true}]}}