{"id":529,"date":"2024-11-14T11:17:58","date_gmt":"2024-11-14T08:17:58","guid":{"rendered":"http:\/\/deneme.ykbtesisat.com\/?page_id=529"},"modified":"2025-01-29T17:00:55","modified_gmt":"2025-01-29T14:00:55","slug":"satis-noktalari","status":"publish","type":"page","link":"https:\/\/www.raygo.com.tr\/en\/satis-noktalari\/","title":{"rendered":"Sat\u0131\u015f Noktalar\u0131"},"content":{"rendered":"\t\t<div data-elementor-type=\"wp-page\" data-elementor-id=\"529\" class=\"elementor elementor-529\" data-elementor-post-type=\"page\">\n\t\t\t\t<div class=\"elementor-element elementor-element-28a8da72 e-con-full e-flex e-con e-parent\" data-id=\"28a8da72\" data-element_type=\"container\">\n\t\t<div class=\"elementor-element elementor-element-7723d4fc e-con-full e-flex e-con e-child\" data-id=\"7723d4fc\" data-element_type=\"container\" id=\"header-content\">\n\t\t<div class=\"elementor-element elementor-element-162ddf9f e-con-full e-flex e-con e-child\" data-id=\"162ddf9f\" data-element_type=\"container\">\n\t\t\t\t<div class=\"elementor-element elementor-element-6ac50c6 fade-in-down delay-100 elementor-widget elementor-widget-heading\" data-id=\"6ac50c6\" data-element_type=\"widget\" data-widget_type=\"heading.default\">\n\t\t\t\t<div class=\"elementor-widget-container\">\n\t\t\t<h2 class=\"elementor-heading-title elementor-size-default\">RAYGO Sales Points\n<\/h2>\t\t<\/div>\n\t\t\t\t<\/div>\n\t\t\t\t<div class=\"elementor-element elementor-element-6b6e2df8 fade-in-down delay-200 elementor-widget elementor-widget-heading\" data-id=\"6b6e2df8\" data-element_type=\"widget\" data-widget_type=\"heading.default\">\n\t\t\t\t<div class=\"elementor-widget-container\">\n\t\t\t<span class=\"elementor-heading-title elementor-size-default\">Our company provides professional catering services at our sales points with the aim of enhancing passenger comfort in railway transportation. With our expert team and wide range of menu options, we aim to make every journey unforgettable.\n\n<\/span>\t\t<\/div>\n\t\t\t\t<\/div>\n\t\t\t\t<\/div>\n\t\t\t\t<div class=\"elementor-element elementor-element-77576a0e fade-in-down delay-200 elementor-view-default elementor-widget elementor-widget-icon\" data-id=\"77576a0e\" data-element_type=\"widget\" id=\"raygo-anchor\" data-widget_type=\"icon.default\">\n\t\t\t\t<div class=\"elementor-widget-container\">\n\t\t\t\t\t<div class=\"elementor-icon-wrapper\">\n\t\t\t<div class=\"elementor-icon\">\n\t\t\t<svg aria-hidden=\"true\" class=\"e-font-icon-svg e-fas-arrow-down\" viewBox=\"0 0 448 512\" xmlns=\"http:\/\/www.w3.org\/2000\/svg\"><path d=\"M413.1 222.5l22.2 22.2c9.4 9.4 9.4 24.6 0 33.9L241 473c-9.4 9.4-24.6 9.4-33.9 0L12.7 278.6c-9.4-9.4-9.4-24.6 0-33.9l22.2-22.2c9.5-9.5 25-9.3 34.3.4L184 343.4V56c0-13.3 10.7-24 24-24h32c13.3 0 24 10.7 24 24v287.4l114.8-120.5c9.3-9.8 24.8-10 34.3-.4z\"><\/path><\/svg>\t\t\t<\/div>\n\t\t<\/div>\n\t\t\t\t<\/div>\n\t\t\t\t<\/div>\n\t\t\t\t<\/div>\n\t\t\t\t<\/div>\n\t\t<div class=\"elementor-element elementor-element-21740780 raygo-anchor e-flex e-con-boxed e-con e-parent\" data-id=\"21740780\" data-element_type=\"container\">\n\t\t\t\t\t<div class=\"e-con-inner\">\n\t\t<div class=\"elementor-element elementor-element-47efb6a6 e-con-full e-flex e-con e-child\" data-id=\"47efb6a6\" data-element_type=\"container\">\n\t\t<div class=\"elementor-element elementor-element-6a76b0ab e-con-full e-flex e-con e-child\" data-id=\"6a76b0ab\" data-element_type=\"container\">\n\t\t\t\t<div class=\"elementor-element elementor-element-eb5ff29 elementor-widget__width-initial fade-in-down delay-100 elementor-widget elementor-widget-heading\" data-id=\"eb5ff29\" data-element_type=\"widget\" data-widget_type=\"heading.default\">\n\t\t\t\t<div class=\"elementor-widget-container\">\n\t\t\t<h2 class=\"elementor-heading-title elementor-size-default\">RAYGO KIOSK - KAHVE D\u00dcNYASI K\u00d6\u015eE<\/h2>\t\t<\/div>\n\t\t\t\t<\/div>\n\t\t\t\t<div class=\"elementor-element elementor-element-35c100ed fade-in-down elementor-widget elementor-widget-text-editor\" data-id=\"35c100ed\" data-element_type=\"widget\" data-widget_type=\"text-editor.default\">\n\t\t\t\t<div class=\"elementor-widget-container\">\n\t\t\t\t\t\t\t<div class=\"flex max-w-full flex-col flex-grow\"><div class=\"min-h-8 text-message flex w-full flex-col items-end gap-2 whitespace-normal break-words text-start [.text-message+&amp;]:mt-5\" dir=\"auto\" data-message-author-role=\"assistant\" data-message-id=\"d4250d2d-6f5e-4fda-8f64-5ebc270db31a\" data-message-model-slug=\"gpt-4o-mini\"><div class=\"flex w-full flex-col gap-1 empty:hidden first:pt-[3px]\"><div class=\"markdown prose w-full break-words dark:prose-invert light\"><p>Located at the Ankara High-Speed Train Station, Raygo Kiosk is the second Coffee World corner in Turkiye. It serves our customers not only with delicious Coffee World products but also with items freshly made daily in our own production facilities. We pride ourselves on offering top-quality, freshly prepared products to our passengers.<\/p><\/div><\/div><\/div><\/div>\t\t\t\t\t\t<\/div>\n\t\t\t\t<\/div>\n\t\t\t\t<\/div>\n\t\t\t\t<div class=\"elementor-element elementor-element-2827a14 elementor-widget__width-initial fade-in-down delay-200 elementor-widget elementor-widget-image\" data-id=\"2827a14\" data-element_type=\"widget\" data-widget_type=\"image.default\">\n\t\t\t\t<div class=\"elementor-widget-container\">\n\t\t\t\t\t\t\t\t\t\t\t\t\t<img fetchpriority=\"high\" decoding=\"async\" width=\"750\" height=\"487\" src=\"https:\/\/www.raygo.com.tr\/en\/wp-content\/uploads\/sites\/2\/2024\/11\/Kahve.jpg\" class=\"attachment-full size-full wp-image-2029\" alt=\"\" srcset=\"https:\/\/www.raygo.com.tr\/en\/wp-content\/uploads\/sites\/2\/2024\/11\/Kahve.jpg 750w, https:\/\/www.raygo.com.tr\/en\/wp-content\/uploads\/sites\/2\/2024\/11\/Kahve-300x195.jpg 300w\" sizes=\"(max-width: 750px) 100vw, 750px\" \/>\t\t\t\t\t\t\t\t\t\t\t\t\t<\/div>\n\t\t\t\t<\/div>\n\t\t\t\t<\/div>\n\t\t<div class=\"elementor-element elementor-element-e718e94 e-con-full e-flex e-con e-child\" data-id=\"e718e94\" data-element_type=\"container\">\n\t\t\t\t<div class=\"elementor-element elementor-element-5b9d4d4 elementor-widget__width-initial fade-in-down elementor-widget elementor-widget-image\" data-id=\"5b9d4d4\" data-element_type=\"widget\" data-widget_type=\"image.default\">\n\t\t\t\t<div class=\"elementor-widget-container\">\n\t\t\t\t\t\t\t\t\t\t\t\t\t<img decoding=\"async\" width=\"750\" height=\"500\" src=\"https:\/\/www.raygo.com.tr\/en\/wp-content\/uploads\/sites\/2\/2024\/12\/mamasburger.jpg\" class=\"attachment-full size-full wp-image-2466\" alt=\"\" srcset=\"https:\/\/www.raygo.com.tr\/en\/wp-content\/uploads\/sites\/2\/2024\/12\/mamasburger.jpg 750w, https:\/\/www.raygo.com.tr\/en\/wp-content\/uploads\/sites\/2\/2024\/12\/mamasburger-300x200.jpg 300w\" sizes=\"(max-width: 750px) 100vw, 750px\" \/>\t\t\t\t\t\t\t\t\t\t\t\t\t<\/div>\n\t\t\t\t<\/div>\n\t\t<div class=\"elementor-element elementor-element-5b22308 e-con-full e-flex e-con e-child\" data-id=\"5b22308\" data-element_type=\"container\">\n\t\t\t\t<div class=\"elementor-element elementor-element-4d7eefd elementor-widget__width-initial fade-in-down delay-100 elementor-widget elementor-widget-heading\" data-id=\"4d7eefd\" data-element_type=\"widget\" data-widget_type=\"heading.default\">\n\t\t\t\t<div class=\"elementor-widget-container\">\n\t\t\t<h2 class=\"elementor-heading-title elementor-size-default\">MAMA\u2019S BURGER &amp; CAJUN CH\u0130CKEN<\/h2>\t\t<\/div>\n\t\t\t\t<\/div>\n\t\t\t\t<div class=\"elementor-element elementor-element-b2da8b4 fade-in-down elementor-widget elementor-widget-text-editor\" data-id=\"b2da8b4\" data-element_type=\"widget\" data-widget_type=\"text-editor.default\">\n\t\t\t\t<div class=\"elementor-widget-container\">\n\t\t\t\t\t\t\t<p>Ankara High-Speed Train Station, 3rd Floor is waiting for you!<\/p><p>At Mamas Burger &#8211; Cajun Chicken, we always prioritize a delicious and healthy dining experience. All of our products are prepared with natural ingredients, free from additives. We do not use flavor enhancers because we love the true taste.<\/p><p>Our bread is freshly made every day, so you can feel the naturalness in every bite. Our menus, prepared with high-quality meats and fresh ingredients, will leave a lasting impression on your taste buds!<\/p><p>We invite you to our store at the Ankara High-Speed Train Station to embark on a journey full of flavors!<\/p><p>Fresh, natural, and delicious. Discover the Mamas Burger &#8211; Cajun Chicken difference!<\/p>\t\t\t\t\t\t<\/div>\n\t\t\t\t<\/div>\n\t\t\t\t<\/div>\n\t\t\t\t<\/div>\n\t\t<div class=\"elementor-element elementor-element-e48ceef e-con-full e-flex e-con e-child\" data-id=\"e48ceef\" data-element_type=\"container\">\n\t\t<div class=\"elementor-element elementor-element-5eb323b e-con-full e-flex e-con e-child\" data-id=\"5eb323b\" data-element_type=\"container\">\n\t\t\t\t<div class=\"elementor-element elementor-element-c76ceff elementor-widget__width-initial fade-in-down delay-100 elementor-widget elementor-widget-heading\" data-id=\"c76ceff\" data-element_type=\"widget\" data-widget_type=\"heading.default\">\n\t\t\t\t<div class=\"elementor-widget-container\">\n\t\t\t<h2 class=\"elementor-heading-title elementor-size-default\">RAYGO HOME COOKED MEALS\n\n<\/h2>\t\t<\/div>\n\t\t\t\t<\/div>\n\t\t\t\t<div class=\"elementor-element elementor-element-1bafe70 fade-in-down elementor-widget elementor-widget-text-editor\" data-id=\"1bafe70\" data-element_type=\"widget\" data-widget_type=\"text-editor.default\">\n\t\t\t\t<div class=\"elementor-widget-container\">\n\t\t\t\t\t\t\t<div class=\"flex-shrink-0 flex flex-col relative items-end\"><div class=\"pt-0\"><div class=\"gizmo-bot-avatar flex h-8 w-8 items-center justify-center overflow-hidden rounded-full\"><div class=\"relative p-1 rounded-sm flex items-center justify-center bg-token-main-surface-primary text-token-text-primary h-8 w-8\"><p>A total of 95 different products, including soups, main dishes, grill and kebab varieties, side dishes, rice and pasta varieties, salad varieties, and desserts, are produced to offer our consumers unique and delicious alternatives.<\/p><p>\u00a0<\/p><\/div><\/div><\/div><\/div>\t\t\t\t\t\t<\/div>\n\t\t\t\t<\/div>\n\t\t\t\t<\/div>\n\t\t\t\t<div class=\"elementor-element elementor-element-65a40eb elementor-widget__width-initial fade-in-down delay-200 elementor-widget elementor-widget-image\" data-id=\"65a40eb\" data-element_type=\"widget\" data-widget_type=\"image.default\">\n\t\t\t\t<div class=\"elementor-widget-container\">\n\t\t\t\t\t\t\t\t\t\t\t\t\t<img decoding=\"async\" width=\"750\" height=\"500\" src=\"https:\/\/www.raygo.com.tr\/en\/wp-content\/uploads\/sites\/2\/2024\/12\/evyemekleri.jpg\" class=\"attachment-full size-full wp-image-2467\" alt=\"\" srcset=\"https:\/\/www.raygo.com.tr\/en\/wp-content\/uploads\/sites\/2\/2024\/12\/evyemekleri.jpg 750w, https:\/\/www.raygo.com.tr\/en\/wp-content\/uploads\/sites\/2\/2024\/12\/evyemekleri-300x200.jpg 300w\" sizes=\"(max-width: 750px) 100vw, 750px\" \/>\t\t\t\t\t\t\t\t\t\t\t\t\t<\/div>\n\t\t\t\t<\/div>\n\t\t\t\t<\/div>\n\t\t<div class=\"elementor-element elementor-element-8fe82d7 e-con-full e-flex e-con e-child\" data-id=\"8fe82d7\" data-element_type=\"container\">\n\t\t\t\t<div class=\"elementor-element elementor-element-f66a559 elementor-widget__width-initial fade-in-down elementor-widget elementor-widget-image\" data-id=\"f66a559\" data-element_type=\"widget\" data-widget_type=\"image.default\">\n\t\t\t\t<div class=\"elementor-widget-container\">\n\t\t\t\t\t\t\t\t\t\t\t\t\t<img loading=\"lazy\" decoding=\"async\" width=\"750\" height=\"500\" src=\"https:\/\/www.raygo.com.tr\/en\/wp-content\/uploads\/sites\/2\/2024\/12\/hatugorsel.jpg\" class=\"attachment-full size-full wp-image-2479\" alt=\"\" srcset=\"https:\/\/www.raygo.com.tr\/en\/wp-content\/uploads\/sites\/2\/2024\/12\/hatugorsel.jpg 750w, https:\/\/www.raygo.com.tr\/en\/wp-content\/uploads\/sites\/2\/2024\/12\/hatugorsel-300x200.jpg 300w\" sizes=\"(max-width: 750px) 100vw, 750px\" \/>\t\t\t\t\t\t\t\t\t\t\t\t\t<\/div>\n\t\t\t\t<\/div>\n\t\t<div class=\"elementor-element elementor-element-e0aac93 e-con-full e-flex e-con e-child\" data-id=\"e0aac93\" data-element_type=\"container\">\n\t\t\t\t<div class=\"elementor-element elementor-element-bb6a155 elementor-widget__width-initial fade-in-down delay-100 elementor-widget elementor-widget-heading\" data-id=\"bb6a155\" data-element_type=\"widget\" data-widget_type=\"heading.default\">\n\t\t\t\t<div class=\"elementor-widget-container\">\n\t\t\t<h2 class=\"elementor-heading-title elementor-size-default\">HAT.U<\/h2>\t\t<\/div>\n\t\t\t\t<\/div>\n\t\t\t\t<div class=\"elementor-element elementor-element-e882956 fade-in-down elementor-widget elementor-widget-text-editor\" data-id=\"e882956\" data-element_type=\"widget\" data-widget_type=\"text-editor.default\">\n\t\t\t\t<div class=\"elementor-widget-container\">\n\t\t\t\t\t\t\t<p>At Ankara High-Speed Train Station, under the name RAYGO, we serve our large customer base with economical menus featuring our own brand, HAT.U (Hatay-style sauced chicken d\u00f6ner wrap). Our specially prepared sauced wrap is offered to our customers as a delicious alternative.<\/p>\t\t\t\t\t\t<\/div>\n\t\t\t\t<\/div>\n\t\t\t\t<\/div>\n\t\t\t\t<\/div>\n\t\t<div class=\"elementor-element elementor-element-06e453b e-con-full e-flex e-con e-child\" data-id=\"06e453b\" data-element_type=\"container\">\n\t\t<div class=\"elementor-element elementor-element-97451a4 e-con-full e-flex e-con e-child\" data-id=\"97451a4\" data-element_type=\"container\">\n\t\t\t\t<div class=\"elementor-element elementor-element-d0559a8 elementor-widget__width-initial fade-in-down delay-100 elementor-widget elementor-widget-heading\" data-id=\"d0559a8\" data-element_type=\"widget\" data-widget_type=\"heading.default\">\n\t\t\t\t<div class=\"elementor-widget-container\">\n\t\t\t<h2 class=\"elementor-heading-title elementor-size-default\">COSTA<\/h2>\t\t<\/div>\n\t\t\t\t<\/div>\n\t\t\t\t<div class=\"elementor-element elementor-element-8a23139 fade-in-down elementor-widget elementor-widget-text-editor\" data-id=\"8a23139\" data-element_type=\"widget\" data-widget_type=\"text-editor.default\">\n\t\t\t\t<div class=\"elementor-widget-container\">\n\t\t\t\t\t\t\t<p>As the RAYGO brand, we have brought COSTA Coffee, the UK&#8217;s most beloved coffee chain, to the 3rd floor of the Ankara High-Speed Train Station. COSTA offers 14 varieties of delicious coffee, Hot and Cold brew coffee, all with a smooth taste and unique flavor. Alongside RAYGO COSTA coffee, we serve our customers with daily fresh sweets, savory items, and sandwich varieties, all made in our own production facilities.<\/p>\t\t\t\t\t\t<\/div>\n\t\t\t\t<\/div>\n\t\t\t\t<\/div>\n\t\t\t\t<div class=\"elementor-element elementor-element-d89dad0 elementor-widget__width-initial fade-in-down delay-200 elementor-widget elementor-widget-image\" data-id=\"d89dad0\" data-element_type=\"widget\" data-widget_type=\"image.default\">\n\t\t\t\t<div class=\"elementor-widget-container\">\n\t\t\t\t\t\t\t\t\t\t\t\t\t<img loading=\"lazy\" decoding=\"async\" width=\"750\" height=\"500\" src=\"https:\/\/www.raygo.com.tr\/en\/wp-content\/uploads\/sites\/2\/2024\/12\/costa.jpg\" class=\"attachment-full size-full wp-image-2469\" alt=\"\" srcset=\"https:\/\/www.raygo.com.tr\/en\/wp-content\/uploads\/sites\/2\/2024\/12\/costa.jpg 750w, https:\/\/www.raygo.com.tr\/en\/wp-content\/uploads\/sites\/2\/2024\/12\/costa-300x200.jpg 300w\" sizes=\"(max-width: 750px) 100vw, 750px\" \/>\t\t\t\t\t\t\t\t\t\t\t\t\t<\/div>\n\t\t\t\t<\/div>\n\t\t\t\t<\/div>\n\t\t<div class=\"elementor-element elementor-element-1a70f92 e-con-full e-flex e-con e-child\" data-id=\"1a70f92\" data-element_type=\"container\">\n\t\t\t\t<div class=\"elementor-element elementor-element-a8b64cb elementor-widget__width-initial fade-in-down elementor-widget elementor-widget-image\" data-id=\"a8b64cb\" data-element_type=\"widget\" data-widget_type=\"image.default\">\n\t\t\t\t<div class=\"elementor-widget-container\">\n\t\t\t\t\t\t\t\t\t\t\t\t\t<img loading=\"lazy\" decoding=\"async\" width=\"1200\" height=\"1600\" src=\"https:\/\/www.raygo.com.tr\/en\/wp-content\/uploads\/sites\/2\/2025\/01\/WhatsApp-Gorsel-2024-12-13-saat-16.40.22_c621698d.jpg\" class=\"attachment-full size-full wp-image-2493\" alt=\"\" srcset=\"https:\/\/www.raygo.com.tr\/en\/wp-content\/uploads\/sites\/2\/2025\/01\/WhatsApp-Gorsel-2024-12-13-saat-16.40.22_c621698d.jpg 1200w, https:\/\/www.raygo.com.tr\/en\/wp-content\/uploads\/sites\/2\/2025\/01\/WhatsApp-Gorsel-2024-12-13-saat-16.40.22_c621698d-225x300.jpg 225w, https:\/\/www.raygo.com.tr\/en\/wp-content\/uploads\/sites\/2\/2025\/01\/WhatsApp-Gorsel-2024-12-13-saat-16.40.22_c621698d-768x1024.jpg 768w, https:\/\/www.raygo.com.tr\/en\/wp-content\/uploads\/sites\/2\/2025\/01\/WhatsApp-Gorsel-2024-12-13-saat-16.40.22_c621698d-1152x1536.jpg 1152w\" sizes=\"(max-width: 1200px) 100vw, 1200px\" \/>\t\t\t\t\t\t\t\t\t\t\t\t\t<\/div>\n\t\t\t\t<\/div>\n\t\t<div class=\"elementor-element elementor-element-2841e13 e-con-full e-flex e-con e-child\" data-id=\"2841e13\" data-element_type=\"container\">\n\t\t\t\t<div class=\"elementor-element elementor-element-926e842 elementor-widget__width-initial fade-in-down delay-100 elementor-widget elementor-widget-heading\" data-id=\"926e842\" data-element_type=\"widget\" data-widget_type=\"heading.default\">\n\t\t\t\t<div class=\"elementor-widget-container\">\n\t\t\t<h2 class=\"elementor-heading-title elementor-size-default\">Pizza \u0130l Forno<\/h2>\t\t<\/div>\n\t\t\t\t<\/div>\n\t\t\t\t<div class=\"elementor-element elementor-element-925a045 fade-in-down elementor-widget elementor-widget-text-editor\" data-id=\"925a045\" data-element_type=\"widget\" data-widget_type=\"text-editor.default\">\n\t\t\t\t<div class=\"elementor-widget-container\">\n\t\t\t\t\t\t\t<p>At Il Forno Pizza, we prioritize freshness and naturalness in every slice of pizza. Our pizzas contain no additives, artificial sweeteners, or chemical flavor enhancers. Each ingredient offers the highest quality with its naturalness.<\/p><p>Our dough is prepared fresh every day and enriched with high-quality, fresh ingredients. Our filling, delicious, and healthy pizzas allow you to experience the true pizza experience in every bite.<\/p><p>We invite you to our store where we bring traditional flavors with a modern touch. At Il Forno Pizza, everything is fresh, natural, and delicious!<\/p><p>Feel the difference, explore our fresh pizzas!<\/p>\t\t\t\t\t\t<\/div>\n\t\t\t\t<\/div>\n\t\t\t\t<\/div>\n\t\t\t\t<\/div>\n\t\t<div class=\"elementor-element elementor-element-2c45912 e-con-full e-flex e-con e-child\" data-id=\"2c45912\" data-element_type=\"container\">\n\t\t<div class=\"elementor-element elementor-element-3dabc4b e-con-full e-flex e-con e-child\" data-id=\"3dabc4b\" data-element_type=\"container\">\n\t\t\t\t<div class=\"elementor-element elementor-element-d18ffd8 elementor-widget__width-initial fade-in-down delay-100 elementor-widget elementor-widget-heading\" data-id=\"d18ffd8\" data-element_type=\"widget\" data-widget_type=\"heading.default\">\n\t\t\t\t<div class=\"elementor-widget-container\">\n\t\t\t<h2 class=\"elementor-heading-title elementor-size-default\">PICK-UP POINT\n\n<\/h2>\t\t<\/div>\n\t\t\t\t<\/div>\n\t\t\t\t<div class=\"elementor-element elementor-element-1f25c3e fade-in-down elementor-widget elementor-widget-text-editor\" data-id=\"1f25c3e\" data-element_type=\"widget\" data-widget_type=\"text-editor.default\">\n\t\t\t\t<div class=\"elementor-widget-container\">\n\t\t\t\t\t\t\t<p>Now, at Raygo, you can quickly place your order and easily pick it up! Quickly create your order via our website or QR code. Choose your desired food from the menu, place your order, and we&#8217;ll wait for you to pick up your prepared products.<br \/>All of your orders are prepared fresh, hot, and with care, and they will be ready in no time. When you arrive at our pick-up point, you can collect your products in just a few steps. Fast and easy!<br \/>At Raygo, enjoy only fresh and natural flavors without waiting for your delicious food. Order via QR code or our website and get your food quickly!<\/p><p>Fresh, fast, and practical. Pick up your order immediately from the 1st floor!<\/p>\t\t\t\t\t\t<\/div>\n\t\t\t\t<\/div>\n\t\t\t\t<\/div>\n\t\t\t\t<div class=\"elementor-element elementor-element-e18f805 elementor-widget__width-initial fade-in-down delay-200 elementor-widget elementor-widget-image\" data-id=\"e18f805\" data-element_type=\"widget\" data-widget_type=\"image.default\">\n\t\t\t\t<div class=\"elementor-widget-container\">\n\t\t\t\t\t\t\t\t\t\t\t\t\t<img loading=\"lazy\" decoding=\"async\" width=\"750\" height=\"500\" src=\"https:\/\/www.raygo.com.tr\/en\/wp-content\/uploads\/sites\/2\/2024\/12\/gel-al.jpg\" class=\"attachment-full size-full wp-image-2471\" alt=\"\" srcset=\"https:\/\/www.raygo.com.tr\/en\/wp-content\/uploads\/sites\/2\/2024\/12\/gel-al.jpg 750w, https:\/\/www.raygo.com.tr\/en\/wp-content\/uploads\/sites\/2\/2024\/12\/gel-al-300x200.jpg 300w\" sizes=\"(max-width: 750px) 100vw, 750px\" \/>\t\t\t\t\t\t\t\t\t\t\t\t\t<\/div>\n\t\t\t\t<\/div>\n\t\t\t\t<\/div>\n\t\t\t\t\t<\/div>\n\t\t\t\t<\/div>\n\t\t\t\t<\/div>\n\t\t","protected":false},"excerpt":{"rendered":"<p>RAYGO Sales Points Our company provides professional catering services at our sales points with the aim of enhancing passenger comfort in railway transportation. With our expert team and wide range of menu options, we aim to make every journey unforgettable. RAYGO KIOSK &#8211; KAHVE D\u00dcNYASI K\u00d6\u015eE Located at the Ankara High-Speed Train Station, Raygo Kiosk [&hellip;]<\/p>\n","protected":false},"author":1,"featured_media":0,"parent":0,"menu_order":0,"comment_status":"closed","ping_status":"closed","template":"","meta":{"footnotes":""},"class_list":["post-529","page","type-page","status-publish","hentry"],"_links":{"self":[{"href":"https:\/\/www.raygo.com.tr\/en\/wp-json\/wp\/v2\/pages\/529","targetHints":{"allow":["GET"]}}],"collection":[{"href":"https:\/\/www.raygo.com.tr\/en\/wp-json\/wp\/v2\/pages"}],"about":[{"href":"https:\/\/www.raygo.com.tr\/en\/wp-json\/wp\/v2\/types\/page"}],"author":[{"embeddable":true,"href":"https:\/\/www.raygo.com.tr\/en\/wp-json\/wp\/v2\/users\/1"}],"replies":[{"embeddable":true,"href":"https:\/\/www.raygo.com.tr\/en\/wp-json\/wp\/v2\/comments?post=529"}],"version-history":[{"count":70,"href":"https:\/\/www.raygo.com.tr\/en\/wp-json\/wp\/v2\/pages\/529\/revisions"}],"predecessor-version":[{"id":2628,"href":"https:\/\/www.raygo.com.tr\/en\/wp-json\/wp\/v2\/pages\/529\/revisions\/2628"}],"wp:attachment":[{"href":"https:\/\/www.raygo.com.tr\/en\/wp-json\/wp\/v2\/media?parent=529"}],"curies":[{"name":"wp","href":"https:\/\/api.w.org\/{rel}","templated":true}]}}